
{"id":1080,"date":"2018-04-29T11:48:37","date_gmt":"2018-04-29T14:48:37","guid":{"rendered":"http:\/\/www.sonotecabahiablanca.com\/wp\/?page_id=1080"},"modified":"2022-11-10T19:50:13","modified_gmt":"2022-11-10T22:50:13","slug":"sobre-el-proyecto","status":"publish","type":"page","link":"https:\/\/www.sonotecabahiablanca.com\/wp\/","title":{"rendered":"Sobre el proyecto"},"content":{"rendered":"<h5 style=\"text-align: justify;\"><span style=\"color: #333333;\"><strong>El sonido como Patrimonio Cultural Inmaterial<\/strong><\/span><\/h5>\n<h5 style=\"text-align: justify;\"><span style=\"color: #333333;\"><em>\u00abPercibir, comprender y concebir nuestra identidad sonora, la de nuestros lugares, su coherencia y su idiosincrasia, es un ejercicio necesario y saludable.\u00a0El hecho de capturar los sonidos y exponerlos, supone una prolongaci\u00f3n de su vida y la posibilidad de generar nuevos espacios para su resignificaci\u00f3n.\u00bb<\/em> (<\/span><span style=\"color: #333399;\"><a style=\"color: #333399;\" href=\"http:\/\/www.escoitar.org\/\" target=\"_blank\" rel=\"noopener noreferrer\">escoitar.org<\/a><\/span><span style=\"color: #333333;\">; 2006)<\/span><\/h5>\n<h5 style=\"text-align: justify;\"><span style=\"color: #333333;\">El paisaje sonoro ha sido declarado por la <span style=\"color: #333399;\"><a style=\"color: #333399;\" href=\"http:\/\/unesdoc.unesco.org\/images\/0007\/000748\/074828eo.pdf\" target=\"_blank\" rel=\"noopener noreferrer\">UNESCO<\/a><\/span> como Patrimonio Inmaterial de la Humanidad. Por ello, la salvaguarda, revitalizaci\u00f3n, regeneraci\u00f3n y difusi\u00f3n del patrimonio cultural inmaterial de cada comunidad, ser\u00e1 un factor que contribuya de manera decisiva a la valoraci\u00f3n y conservaci\u00f3n de las culturas regionales y locales.<\/span><\/h5>\n<h5 style=\"text-align: justify;\"><span style=\"color: #333333;\"><span style=\"color: #333399;\"><a style=\"color: #333399;\" href=\"http:\/\/www.sonotecabahiablanca.com\/\" target=\"_blank\" rel=\"noopener noreferrer\">Sonoteca Bah\u00eda Blanca<\/a><\/span> es una plataforma virtual que tiene como objetivo constituirse en espacio com\u00fan para la recopilaci\u00f3n, concentraci\u00f3n, intercambio y distribuci\u00f3n de material sonoro mediante su georeferenciaci\u00f3n y organizaci\u00f3n en una base de datos, a partir de una pr\u00e1ctica cultural colaborativa, solidaria y de car\u00e1cter comunitario.<\/span><\/h5>\n<h5 style=\"text-align: justify;\"><span style=\"color: #333333;\">El proyecto busca\u00a0valorizar el patrimonio sonoro de la ciudad; redescubrir y divulgar, participando desde la propia identidad.<\/span><\/h5>\n<p>&nbsp;<\/p>\n<h5><strong><span style=\"color: #333333;\">Reconocimientos:<\/span><\/strong><\/h5>\n<h6><span style=\"color: #666699;\"><a href=\"https:\/\/concejobahia.gob.ar\/subidos\/sesiones\/2015\/reunion02_09-04-2015.pdf\" target=\"_blank\" rel=\"noopener noreferrer\">Declarado de Inter\u00e9s Municipal por el Honorable Concejo Deliberante de Bah\u00eda Blanca (Exp: HCD-159\/2015)<\/a><\/span><\/h6>\n<h6><span style=\"color: #666699;\"><a href=\"http:\/\/www.sonotecabahiablanca.com\/wp\/wp-content\/uploads\/2016\/08\/Sonoteca-IC-01-copia.jpg\" target=\"_blank\" rel=\"noopener noreferrer\">Declarado de Inter\u00e9s Municipal por\u00a0el Instituto Cultural\u00a0de Bah\u00eda Blanca (NL311 N\u00ba468\/2016 Resol. N\u00ba3\/205)<\/a><\/span><\/h6>\n<h6><span style=\"color: #666699;\"><a href=\"http:\/\/www.sonotecabahiablanca.com\/Declarado-de-Inter%C3%A9s-Cultural-por-la-Honorable-C%C3%A1mara-de-Diputados-de-la-Pcia-de-Bs-As-Exp-D-129417-18.pdf\" target=\"_blank\" rel=\"noopener noreferrer\">Declarado de Inter\u00e9s Cultural por la Honorable C\u00e1mara de Diputados de la Pcia. de Bs. As. (Exp: D-1294\/17-18)<\/a><\/span><\/h6>\n<div>\n<h6><span style=\"color: #666699;\"><a href=\"http:\/\/www.sonotecabahiablanca.com\/Declarado-de-Inter%C3%A9s-Cultural-por-el-Ministerio-de-Cultura-de-la-Naci%C3%B3n-Resol-2017-1067-APN-MC.pdf\" target=\"_blank\" rel=\"noopener noreferrer\">Declarado de Inter\u00e9s Cultural por el Ministerio de Cultura de la Naci\u00f3n (Resol: 2017-1067-APN-MC)<\/a><\/span><\/h6>\n<p>&nbsp;<\/p>\n<\/div>\n","protected":false},"excerpt":{"rendered":"<p>El sonido como Patrimonio Cultural Inmaterial \u00abPercibir, comprender y concebir nuestra identidad sonora, la de nuestros lugares, su coherencia y su idiosincrasia, es un ejercicio necesario y saludable.\u00a0El hecho de capturar los sonidos y exponerlos, supone una prolongaci\u00f3n de su<span class=\"ellipsis\">&hellip;<\/span><\/p>\n<div class=\"read-more\"><a href=\"https:\/\/www.sonotecabahiablanca.com\/wp\/\">Leer m\u00e1s <span class=\"screen-reader-text\">Sobre el proyecto<\/span><span class=\"meta-nav\"> &#8250;<\/span><\/a><\/div>\n<p><!-- end of .read-more --><\/p>\n","protected":false},"author":1,"featured_media":0,"parent":0,"menu_order":0,"comment_status":"closed","ping_status":"closed","template":"","meta":[],"_links":{"self":[{"href":"https:\/\/www.sonotecabahiablanca.com\/wp\/wp-json\/wp\/v2\/pages\/1080"}],"collection":[{"href":"https:\/\/www.sonotecabahiablanca.com\/wp\/wp-json\/wp\/v2\/pages"}],"about":[{"href":"https:\/\/www.sonotecabahiablanca.com\/wp\/wp-json\/wp\/v2\/types\/page"}],"author":[{"embeddable":true,"href":"https:\/\/www.sonotecabahiablanca.com\/wp\/wp-json\/wp\/v2\/users\/1"}],"replies":[{"embeddable":true,"href":"https:\/\/www.sonotecabahiablanca.com\/wp\/wp-json\/wp\/v2\/comments?post=1080"}],"version-history":[{"count":12,"href":"https:\/\/www.sonotecabahiablanca.com\/wp\/wp-json\/wp\/v2\/pages\/1080\/revisions"}],"predecessor-version":[{"id":1394,"href":"https:\/\/www.sonotecabahiablanca.com\/wp\/wp-json\/wp\/v2\/pages\/1080\/revisions\/1394"}],"wp:attachment":[{"href":"https:\/\/www.sonotecabahiablanca.com\/wp\/wp-json\/wp\/v2\/media?parent=1080"}],"curies":[{"name":"wp","href":"https:\/\/api.w.org\/{rel}","templated":true}]}}